{"id":1135,"date":"2026-02-09T00:58:19","date_gmt":"2026-02-09T06:58:19","guid":{"rendered":"https:\/\/tequila13colonias.com\/producto\/poster-v4\/"},"modified":"2026-03-13T10:59:26","modified_gmt":"2026-03-13T16:59:26","slug":"tequila-joven","status":"publish","type":"product","link":"https:\/\/tequila13colonias.com\/es\/producto\/tequila-joven\/","title":{"rendered":"Tequila Joven"},"content":{"rendered":"<p><strong>Color<br \/>\n<\/strong>Blanco y brillante con reflejos plateados.<\/p>\n<p><strong>Aroma<br \/>\n<\/strong>Vainilla, caramelo con sutiles tonos amaderados y un fondo c\u00edtrico.<\/p>\n<p><strong>Sabor<br \/>\n<\/strong>Caramelo, madera y vainilla en contraste con los tonos de agave y c\u00edtricos de su elaboraci\u00f3n.<\/p>\n<p><strong>Origen<br \/>\n<\/strong>Arandas, Jalisco; M\u00e9xico<\/p>\n<p>40\u00ba | 750 ml |100% Agave Azul<\/p>","protected":false},"excerpt":{"rendered":"<p>El armonioso tequila de la casa Trece Colonias y el delicado cuidado puesto en cada uno de los detalles durante su elaboraci\u00f3n. Un sutil toque de madera y n\u00e9ctar de agave con un final redondo, intenso y suave. Una explosi\u00f3n de sensaciones: notas de vainilla, caramelo y agave horneado.<\/p>","protected":false},"featured_media":2201,"comment_status":"open","ping_status":"closed","template":"","meta":[],"product_brand":[],"product_cat":[33],"product_tag":[],"class_list":{"0":"post-1135","1":"product","2":"type-product","3":"status-publish","4":"has-post-thumbnail","6":"product_cat-sin-categorizar","8":"first","9":"instock","10":"shipping-taxable","11":"purchasable","12":"product-type-simple"},"_links":{"self":[{"href":"https:\/\/tequila13colonias.com\/es\/wp-json\/wp\/v2\/product\/1135","targetHints":{"allow":["GET"]}}],"collection":[{"href":"https:\/\/tequila13colonias.com\/es\/wp-json\/wp\/v2\/product"}],"about":[{"href":"https:\/\/tequila13colonias.com\/es\/wp-json\/wp\/v2\/types\/product"}],"replies":[{"embeddable":true,"href":"https:\/\/tequila13colonias.com\/es\/wp-json\/wp\/v2\/comments?post=1135"}],"wp:featuredmedia":[{"embeddable":true,"href":"https:\/\/tequila13colonias.com\/es\/wp-json\/wp\/v2\/media\/2201"}],"wp:attachment":[{"href":"https:\/\/tequila13colonias.com\/es\/wp-json\/wp\/v2\/media?parent=1135"}],"wp:term":[{"taxonomy":"product_brand","embeddable":true,"href":"https:\/\/tequila13colonias.com\/es\/wp-json\/wp\/v2\/product_brand?post=1135"},{"taxonomy":"product_cat","embeddable":true,"href":"https:\/\/tequila13colonias.com\/es\/wp-json\/wp\/v2\/product_cat?post=1135"},{"taxonomy":"product_tag","embeddable":true,"href":"https:\/\/tequila13colonias.com\/es\/wp-json\/wp\/v2\/product_tag?post=1135"}],"curies":[{"name":"wp","href":"https:\/\/api.w.org\/{rel}","templated":true}]}}