{"id":2222,"date":"2026-02-20T20:39:31","date_gmt":"2026-02-21T02:39:31","guid":{"rendered":"https:\/\/tequila13colonias.com\/?page_id=2222"},"modified":"2026-02-20T20:49:47","modified_gmt":"2026-02-21T02:49:47","slug":"carrusel-master","status":"publish","type":"page","link":"https:\/\/tequila13colonias.com\/es\/carrusel-master\/","title":{"rendered":"Carrusel Master"},"content":{"rendered":"<div data-elementor-type=\"wp-page\" data-elementor-id=\"2222\" class=\"elementor elementor-2222\" data-elementor-post-type=\"page\">\n\t\t\t\t<div class=\"elementor-element elementor-element-7d46e4c e-flex e-con-boxed e-con e-parent\" data-id=\"7d46e4c\" data-element_type=\"container\" data-e-type=\"container\" data-settings=\"{&quot;background_background&quot;:&quot;classic&quot;}\">\n\t\t\t\t\t<div class=\"e-con-inner\">\n\t\t<div class=\"elementor-element elementor-element-7331599 e-con-full e-flex e-con e-child\" data-id=\"7331599\" data-element_type=\"container\" data-e-type=\"container\">\n\t\t<div class=\"elementor-element elementor-element-499a4b4 e-con-full e-flex e-con e-child\" data-id=\"499a4b4\" data-element_type=\"container\" data-e-type=\"container\">\n\t\t\t\t<div class=\"elementor-element elementor-element-37a3a9f elementor-widget elementor-widget-image\" data-id=\"37a3a9f\" data-element_type=\"widget\" data-e-type=\"widget\" data-widget_type=\"image.default\">\n\t\t\t\t<div class=\"elementor-widget-container\">\n\t\t\t\t\t\t\t\t\t\t\t\t\t\t\t<img fetchpriority=\"high\" decoding=\"async\" width=\"634\" height=\"616\" src=\"https:\/\/tequila13colonias.com\/wp-content\/uploads\/2026\/02\/13.jpg\" class=\"attachment-large size-large wp-image-2246\" alt=\"13\" srcset=\"https:\/\/tequila13colonias.com\/wp-content\/uploads\/2026\/02\/13.jpg 634w, https:\/\/tequila13colonias.com\/wp-content\/uploads\/2026\/02\/13-300x291.jpg 300w, https:\/\/tequila13colonias.com\/wp-content\/uploads\/2026\/02\/13-600x583.jpg 600w\" sizes=\"(max-width: 634px) 100vw, 634px\" title=\"Carrusel Master\">\t\t\t\t\t\t\t\t\t\t\t\t\t\t\t<\/div>\n\t\t\t\t<\/div>\n\t\t\t\t<\/div>\n\t\t<div class=\"elementor-element elementor-element-d37d441 e-con-full e-flex e-con e-child\" data-id=\"d37d441\" data-element_type=\"container\" data-e-type=\"container\">\n\t\t<div class=\"elementor-element elementor-element-77f1d03 e-con-full e-flex e-con e-child\" data-id=\"77f1d03\" data-element_type=\"container\" data-e-type=\"container\">\n\t\t\t\t<div class=\"elementor-element elementor-element-564ecaf elementor-widget elementor-widget-image\" data-id=\"564ecaf\" data-element_type=\"widget\" data-e-type=\"widget\" data-widget_type=\"image.default\">\n\t\t\t\t<div class=\"elementor-widget-container\">\n\t\t\t\t\t\t\t\t\t\t\t\t\t\t\t<img decoding=\"async\" width=\"306\" height=\"126\" src=\"https:\/\/tequila13colonias.com\/wp-content\/uploads\/2026\/02\/12.svg\" class=\"attachment-large size-large wp-image-2235\" alt=\"12\" title=\"Carrusel Master\">\t\t\t\t\t\t\t\t\t\t\t\t\t\t\t<\/div>\n\t\t\t\t<\/div>\n\t\t\t\t<div class=\"elementor-element elementor-element-e3e3752 elementor-widget elementor-widget-heading\" data-id=\"e3e3752\" data-element_type=\"widget\" data-e-type=\"widget\" data-widget_type=\"heading.default\">\n\t\t\t\t<div class=\"elementor-widget-container\">\n\t\t\t\t\t<h2 class=\"elementor-heading-title elementor-size-default\">Colonia Xochimilco<\/h2>\t\t\t\t<\/div>\n\t\t\t\t<\/div>\n\t\t\t\t<\/div>\n\t\t\t\t<div class=\"elementor-element elementor-element-43cf0aa elementor-widget elementor-widget-text-editor\" data-id=\"43cf0aa\" data-element_type=\"widget\" data-e-type=\"widget\" data-widget_type=\"text-editor.default\">\n\t\t\t\t<div class=\"elementor-widget-container\">\n\t\t\t\t\t\t\t\t\t<p data-path-to-node=\"16\">La laguna de Xochimilco ha sido declarada Patrimonio Cultural y Natural de la Humanidad, es un lugar para deleitar el paladar con un sinf\u00edn de sabores y colores; gracias a su vasta historia, tradici\u00f3n y belleza.<\/p><p data-path-to-node=\"17\">Un lugar imprescindible para visitar en la Ciudad de M\u00e9xico.<\/p>\t\t\t\t\t\t\t\t<\/div>\n\t\t\t\t<\/div>\n\t\t\t\t<\/div>\n\t\t\t\t<\/div>\n\t\t\t\t\t<\/div>\n\t\t\t\t<\/div>\n\t\t\t\t<\/div>","protected":false},"excerpt":{"rendered":"<p>Colonia Xochimilco La laguna de Xochimilco ha sido declarada Patrimonio Cultural y Natural de la Humanidad, es un lugar para deleitar el paladar con un sinf\u00edn de sabores y colores; gracias a su vasta historia, tradici\u00f3n y belleza. Un lugar imprescindible para visitar en la Ciudad de M\u00e9xico.<\/p>","protected":false},"author":1,"featured_media":0,"parent":0,"menu_order":0,"comment_status":"closed","ping_status":"closed","template":"","meta":{"footnotes":""},"class_list":["post-2222","page","type-page","status-publish","hentry"],"_links":{"self":[{"href":"https:\/\/tequila13colonias.com\/es\/wp-json\/wp\/v2\/pages\/2222","targetHints":{"allow":["GET"]}}],"collection":[{"href":"https:\/\/tequila13colonias.com\/es\/wp-json\/wp\/v2\/pages"}],"about":[{"href":"https:\/\/tequila13colonias.com\/es\/wp-json\/wp\/v2\/types\/page"}],"author":[{"embeddable":true,"href":"https:\/\/tequila13colonias.com\/es\/wp-json\/wp\/v2\/users\/1"}],"replies":[{"embeddable":true,"href":"https:\/\/tequila13colonias.com\/es\/wp-json\/wp\/v2\/comments?post=2222"}],"version-history":[{"count":4,"href":"https:\/\/tequila13colonias.com\/es\/wp-json\/wp\/v2\/pages\/2222\/revisions"}],"predecessor-version":[{"id":2294,"href":"https:\/\/tequila13colonias.com\/es\/wp-json\/wp\/v2\/pages\/2222\/revisions\/2294"}],"wp:attachment":[{"href":"https:\/\/tequila13colonias.com\/es\/wp-json\/wp\/v2\/media?parent=2222"}],"curies":[{"name":"wp","href":"https:\/\/api.w.org\/{rel}","templated":true}]}}